{"id":1074,"date":"2023-04-17T14:25:53","date_gmt":"2023-04-17T12:25:53","guid":{"rendered":"https:\/\/www.pialorsistampi.it\/campionatura-stampi-pressofusione\/"},"modified":"2023-05-18T08:16:29","modified_gmt":"2023-05-18T06:16:29","slug":"bemusterung-druckgusswerkzeug","status":"publish","type":"page","link":"https:\/\/www.pialorsistampi.it\/de\/bemusterung-druckgusswerkzeug\/","title":{"rendered":"Bemusterung"},"content":{"rendered":"","protected":false},"excerpt":{"rendered":"","protected":false},"author":1,"featured_media":0,"parent":0,"menu_order":200,"comment_status":"closed","ping_status":"closed","template":"servizi.php","meta":[],"acf":[],"yoast_head":"<!-- This site is optimized with the Yoast SEO plugin v20.3 - https:\/\/yoast.com\/wordpress\/plugins\/seo\/ -->\n<title>Bemusterung Druckgussformen, Pr\u00e4zise Formen Pialorsi<\/title>\n<meta name=\"description\" content=\"Beim Formbemusterungsservice f\u00fcr Aluminium-Druckguss vermessen und pr\u00fcfen wir jedes Teil der Form und garantieren h\u00f6chste Pr\u00e4zision.\" \/>\n<meta name=\"robots\" content=\"index, follow, max-snippet:-1, max-image-preview:large, max-video-preview:-1\" \/>\n<link rel=\"canonical\" href=\"https:\/\/pialorsi-stampi.k8s.wtest.it\/de\/bemusterung-druckgusswerkzeug\/\" \/>\n<meta property=\"og:locale\" content=\"de_DE\" \/>\n<meta property=\"og:type\" content=\"article\" \/>\n<meta property=\"og:title\" content=\"Bemusterung Druckgussformen, Pr\u00e4zise Formen Pialorsi\" \/>\n<meta property=\"og:description\" content=\"Beim Formbemusterungsservice f\u00fcr Aluminium-Druckguss vermessen und pr\u00fcfen wir jedes Teil der Form und garantieren h\u00f6chste Pr\u00e4zision.\" \/>\n<meta property=\"og:url\" content=\"https:\/\/pialorsi-stampi.k8s.wtest.it\/de\/bemusterung-druckgusswerkzeug\/\" \/>\n<meta property=\"og:site_name\" content=\"Pialorsi Stampi\" \/>\n<meta property=\"article:modified_time\" content=\"2023-05-18T06:16:29+00:00\" \/>\n<meta name=\"twitter:card\" content=\"summary_large_image\" \/>\n<script type=\"application\/ld+json\" class=\"yoast-schema-graph\">{\"@context\":\"https:\/\/schema.org\",\"@graph\":[{\"@type\":\"WebPage\",\"@id\":\"https:\/\/pialorsi-stampi.k8s.wtest.it\/de\/bemusterung-druckgusswerkzeug\/\",\"url\":\"https:\/\/pialorsi-stampi.k8s.wtest.it\/de\/bemusterung-druckgusswerkzeug\/\",\"name\":\"Bemusterung Druckgussformen, Pr\u00e4zise Formen Pialorsi\",\"isPartOf\":{\"@id\":\"https:\/\/pialorsi-stampi.k8s.wtest.it\/#website\"},\"datePublished\":\"2023-04-17T12:25:53+00:00\",\"dateModified\":\"2023-05-18T06:16:29+00:00\",\"description\":\"Beim Formbemusterungsservice f\u00fcr Aluminium-Druckguss vermessen und pr\u00fcfen wir jedes Teil der Form und garantieren h\u00f6chste Pr\u00e4zision.\",\"breadcrumb\":{\"@id\":\"https:\/\/pialorsi-stampi.k8s.wtest.it\/de\/bemusterung-druckgusswerkzeug\/#breadcrumb\"},\"inLanguage\":\"de-DE\",\"potentialAction\":[{\"@type\":\"ReadAction\",\"target\":[\"https:\/\/pialorsi-stampi.k8s.wtest.it\/de\/bemusterung-druckgusswerkzeug\/\"]}]},{\"@type\":\"BreadcrumbList\",\"@id\":\"https:\/\/pialorsi-stampi.k8s.wtest.it\/de\/bemusterung-druckgusswerkzeug\/#breadcrumb\",\"itemListElement\":[{\"@type\":\"ListItem\",\"position\":1,\"name\":\"Home\",\"item\":\"https:\/\/pialorsi-stampi.k8s.wtest.it\/de\/\"},{\"@type\":\"ListItem\",\"position\":2,\"name\":\"Bemusterung\"}]},{\"@type\":\"WebSite\",\"@id\":\"https:\/\/pialorsi-stampi.k8s.wtest.it\/#website\",\"url\":\"https:\/\/pialorsi-stampi.k8s.wtest.it\/\",\"name\":\"Pialorsi Stampi\",\"description\":\"\",\"potentialAction\":[{\"@type\":\"SearchAction\",\"target\":{\"@type\":\"EntryPoint\",\"urlTemplate\":\"https:\/\/pialorsi-stampi.k8s.wtest.it\/?s={search_term_string}\"},\"query-input\":\"required name=search_term_string\"}],\"inLanguage\":\"de-DE\"}]}<\/script>\n<!-- \/ Yoast SEO plugin. -->","yoast_head_json":{"title":"Bemusterung Druckgussformen, Pr\u00e4zise Formen Pialorsi","description":"Beim Formbemusterungsservice f\u00fcr Aluminium-Druckguss vermessen und pr\u00fcfen wir jedes Teil der Form und garantieren h\u00f6chste Pr\u00e4zision.","robots":{"index":"index","follow":"follow","max-snippet":"max-snippet:-1","max-image-preview":"max-image-preview:large","max-video-preview":"max-video-preview:-1"},"canonical":"https:\/\/pialorsi-stampi.k8s.wtest.it\/de\/bemusterung-druckgusswerkzeug\/","og_locale":"de_DE","og_type":"article","og_title":"Bemusterung Druckgussformen, Pr\u00e4zise Formen Pialorsi","og_description":"Beim Formbemusterungsservice f\u00fcr Aluminium-Druckguss vermessen und pr\u00fcfen wir jedes Teil der Form und garantieren h\u00f6chste Pr\u00e4zision.","og_url":"https:\/\/pialorsi-stampi.k8s.wtest.it\/de\/bemusterung-druckgusswerkzeug\/","og_site_name":"Pialorsi Stampi","article_modified_time":"2023-05-18T06:16:29+00:00","twitter_card":"summary_large_image","schema":{"@context":"https:\/\/schema.org","@graph":[{"@type":"WebPage","@id":"https:\/\/pialorsi-stampi.k8s.wtest.it\/de\/bemusterung-druckgusswerkzeug\/","url":"https:\/\/pialorsi-stampi.k8s.wtest.it\/de\/bemusterung-druckgusswerkzeug\/","name":"Bemusterung Druckgussformen, Pr\u00e4zise Formen Pialorsi","isPartOf":{"@id":"https:\/\/pialorsi-stampi.k8s.wtest.it\/#website"},"datePublished":"2023-04-17T12:25:53+00:00","dateModified":"2023-05-18T06:16:29+00:00","description":"Beim Formbemusterungsservice f\u00fcr Aluminium-Druckguss vermessen und pr\u00fcfen wir jedes Teil der Form und garantieren h\u00f6chste Pr\u00e4zision.","breadcrumb":{"@id":"https:\/\/pialorsi-stampi.k8s.wtest.it\/de\/bemusterung-druckgusswerkzeug\/#breadcrumb"},"inLanguage":"de-DE","potentialAction":[{"@type":"ReadAction","target":["https:\/\/pialorsi-stampi.k8s.wtest.it\/de\/bemusterung-druckgusswerkzeug\/"]}]},{"@type":"BreadcrumbList","@id":"https:\/\/pialorsi-stampi.k8s.wtest.it\/de\/bemusterung-druckgusswerkzeug\/#breadcrumb","itemListElement":[{"@type":"ListItem","position":1,"name":"Home","item":"https:\/\/pialorsi-stampi.k8s.wtest.it\/de\/"},{"@type":"ListItem","position":2,"name":"Bemusterung"}]},{"@type":"WebSite","@id":"https:\/\/pialorsi-stampi.k8s.wtest.it\/#website","url":"https:\/\/pialorsi-stampi.k8s.wtest.it\/","name":"Pialorsi Stampi","description":"","potentialAction":[{"@type":"SearchAction","target":{"@type":"EntryPoint","urlTemplate":"https:\/\/pialorsi-stampi.k8s.wtest.it\/?s={search_term_string}"},"query-input":"required name=search_term_string"}],"inLanguage":"de-DE"}]}},"_links":{"self":[{"href":"https:\/\/www.pialorsistampi.it\/de\/wp-json\/wp\/v2\/pages\/1074"}],"collection":[{"href":"https:\/\/www.pialorsistampi.it\/de\/wp-json\/wp\/v2\/pages"}],"about":[{"href":"https:\/\/www.pialorsistampi.it\/de\/wp-json\/wp\/v2\/types\/page"}],"author":[{"embeddable":true,"href":"https:\/\/www.pialorsistampi.it\/de\/wp-json\/wp\/v2\/users\/1"}],"replies":[{"embeddable":true,"href":"https:\/\/www.pialorsistampi.it\/de\/wp-json\/wp\/v2\/comments?post=1074"}],"version-history":[{"count":2,"href":"https:\/\/www.pialorsistampi.it\/de\/wp-json\/wp\/v2\/pages\/1074\/revisions"}],"predecessor-version":[{"id":1200,"href":"https:\/\/www.pialorsistampi.it\/de\/wp-json\/wp\/v2\/pages\/1074\/revisions\/1200"}],"wp:attachment":[{"href":"https:\/\/www.pialorsistampi.it\/de\/wp-json\/wp\/v2\/media?parent=1074"}],"curies":[{"name":"wp","href":"https:\/\/api.w.org\/{rel}","templated":true}]}}