{"id":1078,"date":"2023-04-17T14:11:27","date_gmt":"2023-04-17T12:11:27","guid":{"rendered":"https:\/\/www.pialorsistampi.it\/simulazione-colata-stampi\/"},"modified":"2023-05-18T08:11:56","modified_gmt":"2023-05-18T06:11:56","slug":"formen-fuellsimulation","status":"publish","type":"page","link":"https:\/\/www.pialorsistampi.it\/de\/formen-fuellsimulation\/","title":{"rendered":"F\u00fcllsimulation"},"content":{"rendered":"","protected":false},"excerpt":{"rendered":"","protected":false},"author":1,"featured_media":0,"parent":0,"menu_order":200,"comment_status":"closed","ping_status":"closed","template":"servizi.php","meta":[],"acf":[],"yoast_head":"<!-- This site is optimized with the Yoast SEO plugin v20.3 - https:\/\/yoast.com\/wordpress\/plugins\/seo\/ -->\n<title>F\u00fcllsimulationsservice, Pialorsi Stampi<\/title>\n<meta name=\"description\" content=\"Bevor die Form konstruiert wird, wird eine Gie\u00dff\u00fcllsimulation durchgef\u00fchrt, um zu \u00fcberpr\u00fcfen, ob die Position des Teils und der F\u00fcllkanal f\u00fcr die Produktion optimal sind.\" \/>\n<meta name=\"robots\" content=\"index, follow, max-snippet:-1, max-image-preview:large, max-video-preview:-1\" \/>\n<link rel=\"canonical\" href=\"https:\/\/pialorsi-stampi.k8s.wtest.it\/de\/formen-fuellsimulation\/\" \/>\n<meta property=\"og:locale\" content=\"de_DE\" \/>\n<meta property=\"og:type\" content=\"article\" \/>\n<meta property=\"og:title\" content=\"F\u00fcllsimulationsservice, Pialorsi Stampi\" \/>\n<meta property=\"og:description\" content=\"Bevor die Form konstruiert wird, wird eine Gie\u00dff\u00fcllsimulation durchgef\u00fchrt, um zu \u00fcberpr\u00fcfen, ob die Position des Teils und der F\u00fcllkanal f\u00fcr die Produktion optimal sind.\" \/>\n<meta property=\"og:url\" content=\"https:\/\/pialorsi-stampi.k8s.wtest.it\/de\/formen-fuellsimulation\/\" \/>\n<meta property=\"og:site_name\" content=\"Pialorsi Stampi\" \/>\n<meta property=\"article:modified_time\" content=\"2023-05-18T06:11:56+00:00\" \/>\n<meta name=\"twitter:card\" content=\"summary_large_image\" \/>\n<script type=\"application\/ld+json\" class=\"yoast-schema-graph\">{\"@context\":\"https:\/\/schema.org\",\"@graph\":[{\"@type\":\"WebPage\",\"@id\":\"https:\/\/pialorsi-stampi.k8s.wtest.it\/de\/formen-fuellsimulation\/\",\"url\":\"https:\/\/pialorsi-stampi.k8s.wtest.it\/de\/formen-fuellsimulation\/\",\"name\":\"F\u00fcllsimulationsservice, Pialorsi Stampi\",\"isPartOf\":{\"@id\":\"https:\/\/pialorsi-stampi.k8s.wtest.it\/#website\"},\"datePublished\":\"2023-04-17T12:11:27+00:00\",\"dateModified\":\"2023-05-18T06:11:56+00:00\",\"description\":\"Bevor die Form konstruiert wird, wird eine Gie\u00dff\u00fcllsimulation durchgef\u00fchrt, um zu \u00fcberpr\u00fcfen, ob die Position des Teils und der F\u00fcllkanal f\u00fcr die Produktion optimal sind.\",\"breadcrumb\":{\"@id\":\"https:\/\/pialorsi-stampi.k8s.wtest.it\/de\/formen-fuellsimulation\/#breadcrumb\"},\"inLanguage\":\"de-DE\",\"potentialAction\":[{\"@type\":\"ReadAction\",\"target\":[\"https:\/\/pialorsi-stampi.k8s.wtest.it\/de\/formen-fuellsimulation\/\"]}]},{\"@type\":\"BreadcrumbList\",\"@id\":\"https:\/\/pialorsi-stampi.k8s.wtest.it\/de\/formen-fuellsimulation\/#breadcrumb\",\"itemListElement\":[{\"@type\":\"ListItem\",\"position\":1,\"name\":\"Home\",\"item\":\"https:\/\/pialorsi-stampi.k8s.wtest.it\/de\/\"},{\"@type\":\"ListItem\",\"position\":2,\"name\":\"F\u00fcllsimulation\"}]},{\"@type\":\"WebSite\",\"@id\":\"https:\/\/pialorsi-stampi.k8s.wtest.it\/#website\",\"url\":\"https:\/\/pialorsi-stampi.k8s.wtest.it\/\",\"name\":\"Pialorsi Stampi\",\"description\":\"\",\"potentialAction\":[{\"@type\":\"SearchAction\",\"target\":{\"@type\":\"EntryPoint\",\"urlTemplate\":\"https:\/\/pialorsi-stampi.k8s.wtest.it\/?s={search_term_string}\"},\"query-input\":\"required name=search_term_string\"}],\"inLanguage\":\"de-DE\"}]}<\/script>\n<!-- \/ Yoast SEO plugin. -->","yoast_head_json":{"title":"F\u00fcllsimulationsservice, Pialorsi Stampi","description":"Bevor die Form konstruiert wird, wird eine Gie\u00dff\u00fcllsimulation durchgef\u00fchrt, um zu \u00fcberpr\u00fcfen, ob die Position des Teils und der F\u00fcllkanal f\u00fcr die Produktion optimal sind.","robots":{"index":"index","follow":"follow","max-snippet":"max-snippet:-1","max-image-preview":"max-image-preview:large","max-video-preview":"max-video-preview:-1"},"canonical":"https:\/\/pialorsi-stampi.k8s.wtest.it\/de\/formen-fuellsimulation\/","og_locale":"de_DE","og_type":"article","og_title":"F\u00fcllsimulationsservice, Pialorsi Stampi","og_description":"Bevor die Form konstruiert wird, wird eine Gie\u00dff\u00fcllsimulation durchgef\u00fchrt, um zu \u00fcberpr\u00fcfen, ob die Position des Teils und der F\u00fcllkanal f\u00fcr die Produktion optimal sind.","og_url":"https:\/\/pialorsi-stampi.k8s.wtest.it\/de\/formen-fuellsimulation\/","og_site_name":"Pialorsi Stampi","article_modified_time":"2023-05-18T06:11:56+00:00","twitter_card":"summary_large_image","schema":{"@context":"https:\/\/schema.org","@graph":[{"@type":"WebPage","@id":"https:\/\/pialorsi-stampi.k8s.wtest.it\/de\/formen-fuellsimulation\/","url":"https:\/\/pialorsi-stampi.k8s.wtest.it\/de\/formen-fuellsimulation\/","name":"F\u00fcllsimulationsservice, Pialorsi Stampi","isPartOf":{"@id":"https:\/\/pialorsi-stampi.k8s.wtest.it\/#website"},"datePublished":"2023-04-17T12:11:27+00:00","dateModified":"2023-05-18T06:11:56+00:00","description":"Bevor die Form konstruiert wird, wird eine Gie\u00dff\u00fcllsimulation durchgef\u00fchrt, um zu \u00fcberpr\u00fcfen, ob die Position des Teils und der F\u00fcllkanal f\u00fcr die Produktion optimal sind.","breadcrumb":{"@id":"https:\/\/pialorsi-stampi.k8s.wtest.it\/de\/formen-fuellsimulation\/#breadcrumb"},"inLanguage":"de-DE","potentialAction":[{"@type":"ReadAction","target":["https:\/\/pialorsi-stampi.k8s.wtest.it\/de\/formen-fuellsimulation\/"]}]},{"@type":"BreadcrumbList","@id":"https:\/\/pialorsi-stampi.k8s.wtest.it\/de\/formen-fuellsimulation\/#breadcrumb","itemListElement":[{"@type":"ListItem","position":1,"name":"Home","item":"https:\/\/pialorsi-stampi.k8s.wtest.it\/de\/"},{"@type":"ListItem","position":2,"name":"F\u00fcllsimulation"}]},{"@type":"WebSite","@id":"https:\/\/pialorsi-stampi.k8s.wtest.it\/#website","url":"https:\/\/pialorsi-stampi.k8s.wtest.it\/","name":"Pialorsi Stampi","description":"","potentialAction":[{"@type":"SearchAction","target":{"@type":"EntryPoint","urlTemplate":"https:\/\/pialorsi-stampi.k8s.wtest.it\/?s={search_term_string}"},"query-input":"required name=search_term_string"}],"inLanguage":"de-DE"}]}},"_links":{"self":[{"href":"https:\/\/www.pialorsistampi.it\/de\/wp-json\/wp\/v2\/pages\/1078"}],"collection":[{"href":"https:\/\/www.pialorsistampi.it\/de\/wp-json\/wp\/v2\/pages"}],"about":[{"href":"https:\/\/www.pialorsistampi.it\/de\/wp-json\/wp\/v2\/types\/page"}],"author":[{"embeddable":true,"href":"https:\/\/www.pialorsistampi.it\/de\/wp-json\/wp\/v2\/users\/1"}],"replies":[{"embeddable":true,"href":"https:\/\/www.pialorsistampi.it\/de\/wp-json\/wp\/v2\/comments?post=1078"}],"version-history":[{"count":2,"href":"https:\/\/www.pialorsistampi.it\/de\/wp-json\/wp\/v2\/pages\/1078\/revisions"}],"predecessor-version":[{"id":1197,"href":"https:\/\/www.pialorsistampi.it\/de\/wp-json\/wp\/v2\/pages\/1078\/revisions\/1197"}],"wp:attachment":[{"href":"https:\/\/www.pialorsistampi.it\/de\/wp-json\/wp\/v2\/media?parent=1078"}],"curies":[{"name":"wp","href":"https:\/\/api.w.org\/{rel}","templated":true}]}}